{"id":32,"date":"2022-11-11T14:45:28","date_gmt":"2022-11-11T14:45:28","guid":{"rendered":"https:\/\/www.nolastudio.pl\/?page_id=32"},"modified":"2022-11-13T10:42:08","modified_gmt":"2022-11-13T10:42:08","slug":"oferta","status":"publish","type":"page","link":"https:\/\/www.nolastudio.pl\/?page_id=32","title":{"rendered":"OFERTA"},"content":{"rendered":"<p>[et_pb_section fb_built=&#8221;1&#8243; _builder_version=&#8221;4.19.0&#8243; _module_preset=&#8221;default&#8221; global_colors_info=&#8221;{}&#8221;][et_pb_row _builder_version=&#8221;4.19.0&#8243; _module_preset=&#8221;default&#8221; global_colors_info=&#8221;{}&#8221;][et_pb_column type=&#8221;4_4&#8243; _builder_version=&#8221;4.19.0&#8243; _module_preset=&#8221;default&#8221; global_colors_info=&#8221;{}&#8221;][et_pb_text _builder_version=&#8221;4.19.0&#8243; _module_preset=&#8221;default&#8221; text_text_color=&#8221;#000000&#8243; text_font_size=&#8221;24px&#8221; text_letter_spacing=&#8221;2px&#8221; hover_enabled=&#8221;0&#8243; global_colors_info=&#8221;{}&#8221; sticky_enabled=&#8221;0&#8243;]<\/p>\n<p style=\"text-align: center;\">OFERTA<\/p>\n<p>[\/et_pb_text][\/et_pb_column][\/et_pb_row][et_pb_row _builder_version=&#8221;4.19.0&#8243; _module_preset=&#8221;default&#8221; global_colors_info=&#8221;{}&#8221;][et_pb_column type=&#8221;4_4&#8243; _builder_version=&#8221;4.19.0&#8243; _module_preset=&#8221;default&#8221; global_colors_info=&#8221;{}&#8221;][et_pb_text _builder_version=&#8221;4.19.0&#8243; _module_preset=&#8221;default&#8221; text_font_size=&#8221;18px&#8221; text_letter_spacing=&#8221;2px&#8221; global_colors_info=&#8221;{}&#8221;]<\/p>\n<p style=\"text-align: center;\">Z czego sk\u0142ada si\u0119 kompleksowy projekt wn\u0119trz?<\/p>\n<p>[\/et_pb_text][\/et_pb_column][\/et_pb_row][et_pb_row column_structure=&#8221;2_5,3_5&#8243; _builder_version=&#8221;4.19.0&#8243; _module_preset=&#8221;default&#8221; global_colors_info=&#8221;{}&#8221;][et_pb_column type=&#8221;2_5&#8243; _builder_version=&#8221;4.19.0&#8243; _module_preset=&#8221;default&#8221; global_colors_info=&#8221;{}&#8221;][et_pb_blurb title=&#8221;inwentaryzacja&#8221; use_icon=&#8221;on&#8221; font_icon=&#8221;&#xf546;||fa||900&#8243; icon_placement=&#8221;left&#8221; _builder_version=&#8221;4.19.0&#8243; _module_preset=&#8221;default&#8221; module_alignment=&#8221;left&#8221; hover_enabled=&#8221;0&#8243; global_colors_info=&#8221;{}&#8221; header_font=&#8221;|||on|||||&#8221; header_letter_spacing=&#8221;2px&#8221; sticky_enabled=&#8221;0&#8243;]<\/p>\n<p>wykonanie zwymiarowania wszystkich pomieszcze\u0144<\/p>\n<p>[\/et_pb_blurb][\/et_pb_column][et_pb_column type=&#8221;3_5&#8243; _builder_version=&#8221;4.19.0&#8243; _module_preset=&#8221;default&#8221; global_colors_info=&#8221;{}&#8221;][et_pb_blurb title=&#8221;uk\u0142ad funkcjonalny&#8221; use_icon=&#8221;on&#8221; font_icon=&#8221;&#xf568;||fa||900&#8243; icon_placement=&#8221;left&#8221; _builder_version=&#8221;4.19.0&#8243; _module_preset=&#8221;default&#8221; module_alignment=&#8221;left&#8221; custom_padding=&#8221;0px|||0px|false|false&#8221; hover_enabled=&#8221;0&#8243; global_colors_info=&#8221;{}&#8221; header_font=&#8221;|||on|||||&#8221; header_letter_spacing=&#8221;2px&#8221; sticky_enabled=&#8221;0&#8243;]<\/p>\n<p>rzut mieszkania wraz z rozrysowaniem rozk\u0142ady pomieszcze\u0144 oraz wyposa\u017cenia RZUT MIESZKANIA WRAZ Z ROZRYSOWANIEM ROZK\u0141ADU POMIESZCZE\u0143 ORAZ WYPOSA\u017bENIA. Wizualizacje wszystkich obj\u0119tych umow\u0105 pomieszcze\u0144, rysunki wykonawcze hydrauliki , elektryki , zabud\u00f3w meblowych, lista zakupowa wszelkich matreria\u0142\u00f3w u\u017cytych w projekcie.<\/p>\n<p>WSP\u00d3LNA REALIZACJA ZAKUP\u00d3W WYPOSA\u017bENIA I MATERIA\u0141\u00d3W WYKO\u0143CZENIOWYCH<\/p>\n<p>NADZ\u00d3R I ORGANIZACJA PROCESU REALIZACJI projektu<\/p>\n<p>[\/et_pb_blurb][\/et_pb_column][\/et_pb_row][et_pb_row _builder_version=&#8221;4.19.0&#8243; _module_preset=&#8221;default&#8221; global_colors_info=&#8221;{}&#8221;][et_pb_column type=&#8221;4_4&#8243; _builder_version=&#8221;4.19.0&#8243; _module_preset=&#8221;default&#8221; global_colors_info=&#8221;{}&#8221;][et_pb_text _builder_version=&#8221;4.19.0&#8243; _module_preset=&#8221;default&#8221; text_text_color=&#8221;#000000&#8243; text_font_size=&#8221;24px&#8221; text_letter_spacing=&#8221;2px&#8221; hover_enabled=&#8221;0&#8243; global_colors_info=&#8221;{}&#8221; sticky_enabled=&#8221;0&#8243;]<\/p>\n<p style=\"text-align: center;\">ETAPY PROJEKTU<\/p>\n<p>[\/et_pb_text][\/et_pb_column][\/et_pb_row][et_pb_row column_structure=&#8221;1_2,1_2&#8243; _builder_version=&#8221;4.19.0&#8243; _module_preset=&#8221;default&#8221; global_colors_info=&#8221;{}&#8221;][et_pb_column type=&#8221;1_2&#8243; _builder_version=&#8221;4.19.0&#8243; _module_preset=&#8221;default&#8221; global_colors_info=&#8221;{}&#8221;][et_pb_blurb title=&#8221;Ankieta + Inwentaryzacja&#8221; use_icon=&#8221;on&#8221; font_icon=&#8221;&#x6b;||divi||400&#8243; icon_placement=&#8221;left&#8221; _builder_version=&#8221;4.19.0&#8243; _module_preset=&#8221;default&#8221; module_alignment=&#8221;left&#8221; custom_margin=&#8221;||140px|||&#8221; hover_enabled=&#8221;0&#8243; global_colors_info=&#8221;{}&#8221; header_font=&#8221;|||on|||||&#8221; header_letter_spacing=&#8221;2px&#8221; sticky_enabled=&#8221;0&#8243;]<\/p>\n<p>Rozpocz\u0119cie prac projektowych, poprzedzone jest spotkaniem oraz rozmow\u0105 z Inwestorem. Badamy Pa\u0144stwa potrzeby, ustalamy styl, kolorystk\u0119, bud\u017cet oraz terminarz prac. Prosimy r\u00f3wnie\u017c o wype\u0142nienie szczeg\u00f3\u0142owej ankiety aby w p\u00f3\u017aniejszym etapie stworzy\u0107 dla Pa\u0144stwa wymarzone wn\u0119trze.<\/p>\n<p>[\/et_pb_blurb][et_pb_blurb title=&#8221;2D Uk\u0142ady funkcjonalne&#8221; use_icon=&#8221;on&#8221; font_icon=&#8221;&#xe00e;||divi||400&#8243; icon_placement=&#8221;left&#8221; _builder_version=&#8221;4.19.0&#8243; _module_preset=&#8221;default&#8221; module_alignment=&#8221;left&#8221; hover_enabled=&#8221;0&#8243; global_colors_info=&#8221;{}&#8221; header_letter_spacing=&#8221;2px&#8221; header_font=&#8221;|||on|||||&#8221; sticky_enabled=&#8221;0&#8243;]<\/p>\n<p>Projektowanie rozpoczynamy od przygotowania uk\u0142ad\u00f3w funkcjonalno-przestrzennych. Ten etap ma na celu rozplanowanie wszystkich element\u00f3w, kt\u00f3re chcieliby Pa\u0144stwo umie\u015bci\u0107 w projekcie oraz jak najlepsze wykorzystanie przestrzeni.<\/p>\n<p>[\/et_pb_blurb][\/et_pb_column][et_pb_column type=&#8221;1_2&#8243; _builder_version=&#8221;4.19.0&#8243; _module_preset=&#8221;default&#8221; global_colors_info=&#8221;{}&#8221;][et_pb_image src=&#8221;https:\/\/www.nolastudio.pl\/wp-content\/uploads\/2022\/11\/a19c5e445771ed31bb0b8f0dfff87afc.jpg&#8221; title_text=&#8221;a19c5e445771ed31bb0b8f0dfff87afc&#8221; _builder_version=&#8221;4.19.0&#8243; _module_preset=&#8221;default&#8221; global_colors_info=&#8221;{}&#8221;][\/et_pb_image][\/et_pb_column][\/et_pb_row][et_pb_row column_structure=&#8221;1_2,1_2&#8243; _builder_version=&#8221;4.19.0&#8243; _module_preset=&#8221;default&#8221; global_colors_info=&#8221;{}&#8221;][et_pb_column type=&#8221;1_2&#8243; _builder_version=&#8221;4.19.0&#8243; _module_preset=&#8221;default&#8221; global_colors_info=&#8221;{}&#8221;][et_pb_image src=&#8221;https:\/\/www.nolastudio.pl\/wp-content\/uploads\/2022\/11\/ba451301c1c73daebabaa8e16577495f.jpg&#8221; title_text=&#8221;ba451301c1c73daebabaa8e16577495f&#8221; _builder_version=&#8221;4.19.0&#8243; _module_preset=&#8221;default&#8221; global_colors_info=&#8221;{}&#8221;][\/et_pb_image][\/et_pb_column][et_pb_column type=&#8221;1_2&#8243; _builder_version=&#8221;4.19.0&#8243; _module_preset=&#8221;default&#8221; global_colors_info=&#8221;{}&#8221;][et_pb_blurb title=&#8221;Wizualizacje&#8221; use_icon=&#8221;on&#8221; font_icon=&#8221;&#xe00f;||divi||400&#8243; icon_placement=&#8221;left&#8221; _builder_version=&#8221;4.19.0&#8243; _module_preset=&#8221;default&#8221; module_alignment=&#8221;left&#8221; custom_margin=&#8221;||140px|||&#8221; hover_enabled=&#8221;0&#8243; global_colors_info=&#8221;{}&#8221; header_letter_spacing=&#8221;2px&#8221; header_font=&#8221;|||on|||||&#8221; sticky_enabled=&#8221;0&#8243;]<\/p>\n<p>Gdy dopracujemy szczeg\u00f3\u0142y przechodzimy do wizualizacji fotorealistycznych wszystkich pomieszcze\u0144.<br \/>Z ka\u017cdego pomieszczenia wykonujemy od 3 do 5 uj\u0119\u0107.<\/p>\n<p>[\/et_pb_blurb][et_pb_blurb title=&#8221;Projekt wykonawczy&#8221; use_icon=&#8221;on&#8221; font_icon=&#8221;&#xe104;||divi||400&#8243; icon_placement=&#8221;left&#8221; _builder_version=&#8221;4.19.0&#8243; _module_preset=&#8221;default&#8221; module_alignment=&#8221;left&#8221; hover_enabled=&#8221;0&#8243; global_colors_info=&#8221;{}&#8221; header_font=&#8221;|||on|||||&#8221; header_letter_spacing=&#8221;2px&#8221; sticky_enabled=&#8221;0&#8243;]<\/p>\n<p>Dodatkowo, zestawiemy zestawienie ilo\u015bciowo-dodatkowe, w kt\u00f3rym pa\u0144stwo maj\u0105 jeszcze \u015bwiadczenia us\u0142ug serwisowych oraz kontakty do uzupe\u0142nienia przez dostawc\u00f3w.<\/p>\n<p>[\/et_pb_blurb][\/et_pb_column][\/et_pb_row][\/et_pb_section]<\/p>\n","protected":false},"excerpt":{"rendered":"<p>OFERTAZ czego sk\u0142ada si\u0119 kompleksowy projekt wn\u0119trz?wykonanie zwymiarowania wszystkich pomieszcze\u0144rzut mieszkania wraz z rozrysowaniem rozk\u0142ady pomieszcze\u0144 oraz wyposa\u017cenia RZUT MIESZKANIA WRAZ Z ROZRYSOWANIEM ROZK\u0141ADU POMIESZCZE\u0143 ORAZ WYPOSA\u017bENIA. Wizualizacje wszystkich obj\u0119tych umow\u0105 pomieszcze\u0144, rysunki wykonawcze hydrauliki , elektryki , zabud\u00f3w meblowych, lista zakupowa wszelkich matreria\u0142\u00f3w u\u017cytych w projekcie. WSP\u00d3LNA REALIZACJA ZAKUP\u00d3W WYPOSA\u017bENIA I MATERIA\u0141\u00d3W WYKO\u0143CZENIOWYCH NADZ\u00d3R [&hellip;]<\/p>\n","protected":false},"author":1,"featured_media":0,"parent":0,"menu_order":0,"comment_status":"closed","ping_status":"closed","template":"","meta":{"_et_pb_use_builder":"on","_et_pb_old_content":"","_et_gb_content_width":""},"yoast_head":"<!-- This site is optimized with the Yoast SEO plugin v19.10 - https:\/\/yoast.com\/wordpress\/plugins\/seo\/ -->\n<title>OFERTA - Nola Studio<\/title>\n<meta name=\"robots\" content=\"index, follow, max-snippet:-1, max-image-preview:large, max-video-preview:-1\" \/>\n<link rel=\"canonical\" href=\"https:\/\/www.nolastudio.pl\/?page_id=32\" \/>\n<meta property=\"og:locale\" content=\"pl_PL\" \/>\n<meta property=\"og:type\" content=\"article\" \/>\n<meta property=\"og:title\" content=\"OFERTA - Nola Studio\" \/>\n<meta property=\"og:description\" content=\"OFERTAZ czego sk\u0142ada si\u0119 kompleksowy projekt wn\u0119trz?wykonanie zwymiarowania wszystkich pomieszcze\u0144rzut mieszkania wraz z rozrysowaniem rozk\u0142ady pomieszcze\u0144 oraz wyposa\u017cenia RZUT MIESZKANIA WRAZ Z ROZRYSOWANIEM ROZK\u0141ADU POMIESZCZE\u0143 ORAZ WYPOSA\u017bENIA. Wizualizacje wszystkich obj\u0119tych umow\u0105 pomieszcze\u0144, rysunki wykonawcze hydrauliki , elektryki , zabud\u00f3w meblowych, lista zakupowa wszelkich matreria\u0142\u00f3w u\u017cytych w projekcie. WSP\u00d3LNA REALIZACJA ZAKUP\u00d3W WYPOSA\u017bENIA I MATERIA\u0141\u00d3W WYKO\u0143CZENIOWYCH NADZ\u00d3R [&hellip;]\" \/>\n<meta property=\"og:url\" content=\"https:\/\/www.nolastudio.pl\/?page_id=32\" \/>\n<meta property=\"og:site_name\" content=\"Nola Studio\" \/>\n<meta property=\"article:modified_time\" content=\"2022-11-13T10:42:08+00:00\" \/>\n<meta name=\"twitter:card\" content=\"summary_large_image\" \/>\n<meta name=\"twitter:label1\" content=\"Szacowany czas czytania\" \/>\n\t<meta name=\"twitter:data1\" content=\"4 minuty\" \/>\n<script type=\"application\/ld+json\" class=\"yoast-schema-graph\">{\"@context\":\"https:\/\/schema.org\",\"@graph\":[{\"@type\":\"WebPage\",\"@id\":\"https:\/\/www.nolastudio.pl\/?page_id=32\",\"url\":\"https:\/\/www.nolastudio.pl\/?page_id=32\",\"name\":\"OFERTA - Nola Studio\",\"isPartOf\":{\"@id\":\"https:\/\/www.nolastudio.pl\/#website\"},\"datePublished\":\"2022-11-11T14:45:28+00:00\",\"dateModified\":\"2022-11-13T10:42:08+00:00\",\"breadcrumb\":{\"@id\":\"https:\/\/www.nolastudio.pl\/?page_id=32#breadcrumb\"},\"inLanguage\":\"pl-PL\",\"potentialAction\":[{\"@type\":\"ReadAction\",\"target\":[\"https:\/\/www.nolastudio.pl\/?page_id=32\"]}]},{\"@type\":\"BreadcrumbList\",\"@id\":\"https:\/\/www.nolastudio.pl\/?page_id=32#breadcrumb\",\"itemListElement\":[{\"@type\":\"ListItem\",\"position\":1,\"name\":\"Strona g\u0142\u00f3wna\",\"item\":\"https:\/\/www.nolastudio.pl\/\"},{\"@type\":\"ListItem\",\"position\":2,\"name\":\"OFERTA\"}]},{\"@type\":\"WebSite\",\"@id\":\"https:\/\/www.nolastudio.pl\/#website\",\"url\":\"https:\/\/www.nolastudio.pl\/\",\"name\":\"Nola Studio\",\"description\":\"Nola Studio\",\"publisher\":{\"@id\":\"https:\/\/www.nolastudio.pl\/#organization\"},\"potentialAction\":[{\"@type\":\"SearchAction\",\"target\":{\"@type\":\"EntryPoint\",\"urlTemplate\":\"https:\/\/www.nolastudio.pl\/?s={search_term_string}\"},\"query-input\":\"required name=search_term_string\"}],\"inLanguage\":\"pl-PL\"},{\"@type\":\"Organization\",\"@id\":\"https:\/\/www.nolastudio.pl\/#organization\",\"name\":\"Nola Studio\",\"url\":\"https:\/\/www.nolastudio.pl\/\",\"logo\":{\"@type\":\"ImageObject\",\"inLanguage\":\"pl-PL\",\"@id\":\"https:\/\/www.nolastudio.pl\/#\/schema\/logo\/image\/\",\"url\":\"https:\/\/www.nolastudio.pl\/wp-content\/uploads\/2022\/11\/NOLA-STUDIO_logo_ciemny-bez-1.png\",\"contentUrl\":\"https:\/\/www.nolastudio.pl\/wp-content\/uploads\/2022\/11\/NOLA-STUDIO_logo_ciemny-bez-1.png\",\"width\":3141,\"height\":1351,\"caption\":\"Nola Studio\"},\"image\":{\"@id\":\"https:\/\/www.nolastudio.pl\/#\/schema\/logo\/image\/\"}}]}<\/script>\n<!-- \/ Yoast SEO plugin. -->","yoast_head_json":{"title":"OFERTA - Nola Studio","robots":{"index":"index","follow":"follow","max-snippet":"max-snippet:-1","max-image-preview":"max-image-preview:large","max-video-preview":"max-video-preview:-1"},"canonical":"https:\/\/www.nolastudio.pl\/?page_id=32","og_locale":"pl_PL","og_type":"article","og_title":"OFERTA - Nola Studio","og_description":"OFERTAZ czego sk\u0142ada si\u0119 kompleksowy projekt wn\u0119trz?wykonanie zwymiarowania wszystkich pomieszcze\u0144rzut mieszkania wraz z rozrysowaniem rozk\u0142ady pomieszcze\u0144 oraz wyposa\u017cenia RZUT MIESZKANIA WRAZ Z ROZRYSOWANIEM ROZK\u0141ADU POMIESZCZE\u0143 ORAZ WYPOSA\u017bENIA. Wizualizacje wszystkich obj\u0119tych umow\u0105 pomieszcze\u0144, rysunki wykonawcze hydrauliki , elektryki , zabud\u00f3w meblowych, lista zakupowa wszelkich matreria\u0142\u00f3w u\u017cytych w projekcie. WSP\u00d3LNA REALIZACJA ZAKUP\u00d3W WYPOSA\u017bENIA I MATERIA\u0141\u00d3W WYKO\u0143CZENIOWYCH NADZ\u00d3R [&hellip;]","og_url":"https:\/\/www.nolastudio.pl\/?page_id=32","og_site_name":"Nola Studio","article_modified_time":"2022-11-13T10:42:08+00:00","twitter_card":"summary_large_image","twitter_misc":{"Szacowany czas czytania":"4 minuty"},"schema":{"@context":"https:\/\/schema.org","@graph":[{"@type":"WebPage","@id":"https:\/\/www.nolastudio.pl\/?page_id=32","url":"https:\/\/www.nolastudio.pl\/?page_id=32","name":"OFERTA - Nola Studio","isPartOf":{"@id":"https:\/\/www.nolastudio.pl\/#website"},"datePublished":"2022-11-11T14:45:28+00:00","dateModified":"2022-11-13T10:42:08+00:00","breadcrumb":{"@id":"https:\/\/www.nolastudio.pl\/?page_id=32#breadcrumb"},"inLanguage":"pl-PL","potentialAction":[{"@type":"ReadAction","target":["https:\/\/www.nolastudio.pl\/?page_id=32"]}]},{"@type":"BreadcrumbList","@id":"https:\/\/www.nolastudio.pl\/?page_id=32#breadcrumb","itemListElement":[{"@type":"ListItem","position":1,"name":"Strona g\u0142\u00f3wna","item":"https:\/\/www.nolastudio.pl\/"},{"@type":"ListItem","position":2,"name":"OFERTA"}]},{"@type":"WebSite","@id":"https:\/\/www.nolastudio.pl\/#website","url":"https:\/\/www.nolastudio.pl\/","name":"Nola Studio","description":"Nola Studio","publisher":{"@id":"https:\/\/www.nolastudio.pl\/#organization"},"potentialAction":[{"@type":"SearchAction","target":{"@type":"EntryPoint","urlTemplate":"https:\/\/www.nolastudio.pl\/?s={search_term_string}"},"query-input":"required name=search_term_string"}],"inLanguage":"pl-PL"},{"@type":"Organization","@id":"https:\/\/www.nolastudio.pl\/#organization","name":"Nola Studio","url":"https:\/\/www.nolastudio.pl\/","logo":{"@type":"ImageObject","inLanguage":"pl-PL","@id":"https:\/\/www.nolastudio.pl\/#\/schema\/logo\/image\/","url":"https:\/\/www.nolastudio.pl\/wp-content\/uploads\/2022\/11\/NOLA-STUDIO_logo_ciemny-bez-1.png","contentUrl":"https:\/\/www.nolastudio.pl\/wp-content\/uploads\/2022\/11\/NOLA-STUDIO_logo_ciemny-bez-1.png","width":3141,"height":1351,"caption":"Nola Studio"},"image":{"@id":"https:\/\/www.nolastudio.pl\/#\/schema\/logo\/image\/"}}]}},"_links":{"self":[{"href":"https:\/\/www.nolastudio.pl\/index.php?rest_route=\/wp\/v2\/pages\/32"}],"collection":[{"href":"https:\/\/www.nolastudio.pl\/index.php?rest_route=\/wp\/v2\/pages"}],"about":[{"href":"https:\/\/www.nolastudio.pl\/index.php?rest_route=\/wp\/v2\/types\/page"}],"author":[{"embeddable":true,"href":"https:\/\/www.nolastudio.pl\/index.php?rest_route=\/wp\/v2\/users\/1"}],"replies":[{"embeddable":true,"href":"https:\/\/www.nolastudio.pl\/index.php?rest_route=%2Fwp%2Fv2%2Fcomments&post=32"}],"version-history":[{"count":4,"href":"https:\/\/www.nolastudio.pl\/index.php?rest_route=\/wp\/v2\/pages\/32\/revisions"}],"predecessor-version":[{"id":234875,"href":"https:\/\/www.nolastudio.pl\/index.php?rest_route=\/wp\/v2\/pages\/32\/revisions\/234875"}],"wp:attachment":[{"href":"https:\/\/www.nolastudio.pl\/index.php?rest_route=%2Fwp%2Fv2%2Fmedia&parent=32"}],"curies":[{"name":"wp","href":"https:\/\/api.w.org\/{rel}","templated":true}]}}