{"id":29,"date":"2022-11-11T14:44:51","date_gmt":"2022-11-11T14:44:51","guid":{"rendered":"https:\/\/www.nolastudio.pl\/?page_id=29"},"modified":"2022-11-13T17:01:29","modified_gmt":"2022-11-13T17:01:29","slug":"o-nas","status":"publish","type":"page","link":"https:\/\/www.nolastudio.pl\/?page_id=29","title":{"rendered":"O NAS"},"content":{"rendered":"<p>[et_pb_section fb_built=&#8221;1&#8243; _builder_version=&#8221;4.19.0&#8243; _module_preset=&#8221;default&#8221; background_color=&#8221;#f0f0f0&#8243; global_colors_info=&#8221;{}&#8221;][et_pb_row column_structure=&#8221;1_3,2_3&#8243; _builder_version=&#8221;4.19.0&#8243; _module_preset=&#8221;default&#8221; global_colors_info=&#8221;{}&#8221;][et_pb_column type=&#8221;1_3&#8243; _builder_version=&#8221;4.19.0&#8243; _module_preset=&#8221;default&#8221; global_colors_info=&#8221;{}&#8221;][et_pb_image src=&#8221;https:\/\/www.nolastudio.pl\/wp-content\/uploads\/2022\/11\/Nola-studio-profile.png&#8221; title_text=&#8221;Nola studio profile&#8221; align=&#8221;center&#8221; _builder_version=&#8221;4.19.0&#8243; _module_preset=&#8221;default&#8221; width=&#8221;85%&#8221; width_tablet=&#8221;85%&#8221; width_phone=&#8221;50%&#8221; width_last_edited=&#8221;on|phone&#8221; global_colors_info=&#8221;{}&#8221;][\/et_pb_image][et_pb_code _builder_version=&#8221;4.19.0&#8243; _module_preset=&#8221;default&#8221; global_colors_info=&#8221;{}&#8221;]<\/p>\n<hr style=\"height: 0.5px; background: #1d2327; border: 0px; width: 90%;\">[\/et_pb_code][et_pb_text _builder_version=&#8221;4.19.0&#8243; _module_preset=&#8221;default&#8221; text_font=&#8221;||||||||&#8221; global_colors_info=&#8221;{}&#8221;]<\/p>\n<p style=\"text-align: center;\">Za\u0142o\u017cycielka Nola Studio<\/p>\n<p>[\/et_pb_text][\/et_pb_column][et_pb_column type=&#8221;2_3&#8243; _builder_version=&#8221;4.19.0&#8243; _module_preset=&#8221;default&#8221; global_colors_info=&#8221;{}&#8221;][et_pb_text _builder_version=&#8221;4.19.0&#8243; _module_preset=&#8221;default&#8221; text_font=&#8221;Aboreto|300||on|||||&#8221; text_font_size=&#8221;13px&#8221; text_letter_spacing=&#8221;1px&#8221; global_colors_info=&#8221;{}&#8221;]<\/p>\n<div style=\"text-align: left;\">Nola pracownia projektowa, to pracownia z pasj\u0105 &#8211; stworzona z zami\u0142owania do pi\u0119knych wn\u0119trz oraz designu.<\/div>\n<div><\/div>\n<div><\/div>\n<p>[\/et_pb_text][et_pb_text _builder_version=&#8221;4.19.0&#8243; _module_preset=&#8221;default&#8221; text_font=&#8221;Aboreto|300||on|||||&#8221; text_font_size=&#8221;13px&#8221; text_letter_spacing=&#8221;1px&#8221; global_colors_info=&#8221;{}&#8221;]<\/p>\n<div style=\"text-align: left;\">G\u0142\u00f3wnym obszarem dzia\u0142alno\u015bci pracowni jest projektowanie oraz aran\u017cacja wn\u0119trz zar\u00f3wno dla indywidualnych inwestor\u00f3w, jak i dla firm. Tworzymy projekty efektowne oraz funkcjonalne.<\/div>\n<div><\/div>\n<div><\/div>\n<p>[\/et_pb_text][et_pb_text _builder_version=&#8221;4.19.0&#8243; _module_preset=&#8221;default&#8221; text_font=&#8221;Aboreto|||on|||||&#8221; text_font_size=&#8221;13px&#8221; text_letter_spacing=&#8221;1px&#8221; hover_enabled=&#8221;0&#8243; global_colors_info=&#8221;{}&#8221; sticky_enabled=&#8221;0&#8243;]<\/p>\n<div style=\"text-align: left;\">\n<div>Nasze aran\u017cacje s\u0105 dostosowane do indywidualnych potrzeb klienta, w oparciu o dany bud\u017cet oraz preferencje &#8211; tworz\u0105c sp\u00f3jn\u0105 ca\u0142o\u015b\u0107.<\/div>\n<div>Przyk\u0142adamy szczeg\u00f3ln\u0105 wag\u0119 do ka\u017cdego detalu dlatego stworzymy dla Ciebie Twoje wymarzone wn\u0119trze.<\/div>\n<div>Na co dzie\u0144 wsp\u00f3\u0142pracujemy ze wspania\u0142ymi specjalistami ds.remontu,\u00a0 na kt\u00f3rych zawsze mo\u017cemy liczy\u0107, pracuj\u0105c tak, aby tw\u00f3j projekt by\u0142 jak najbardziej dopracowany, co przek\u0142ada si\u0119 na zadowolenie klienta.<\/div>\n<div>Wizualizacje 3D wykonujemy sami \u2013 nie zlecamy ich podwykonawcom, Dzi\u0119ki takiemu podej\u015bciu mo\u017cemy zaproponowa\u0107 nisk\u0105 cen\u0119 w stosunku do wysokiej jako\u015bci \u015bwiadcze\u0144. Mo\u017cemy wykona\u0107 dla Ciebie kompleksowy projekt mieszkania lub te\u017c poszczeg\u00f3lnych pomieszcze\u0144, takich jak sypialnia czy pok\u00f3j dziecka.<\/div>\n<div>Pracujemy stacjonarnie jak i online, tak\u017ce lokalizacja nie ma tu \u017cadnego znaczenia.<\/div>\n<div>Umo\u017cliwiamy zam\u00f3wienie projektu r\u00f3wniez dla os\u00f3b mieszkaj\u0105cych za granic\u0105.<\/div>\n<\/div>\n<p>[\/et_pb_text][et_pb_text _builder_version=&#8221;4.19.0&#8243; _module_preset=&#8221;default&#8221; text_font=&#8221;Aboreto||||||||&#8221; text_font_size=&#8221;13px&#8221; text_letter_spacing=&#8221;1px&#8221; custom_margin=&#8221;||10px|||&#8221; global_colors_info=&#8221;{}&#8221;]<\/p>\n<div style=\"text-align: left;\"><span>Zapraszamy do wsp\u00f3\u0142pracy.<\/span><\/div>\n<p>[\/et_pb_text][et_pb_text _builder_version=&#8221;4.19.0&#8243; _module_preset=&#8221;default&#8221; text_font=&#8221;Clicker Script||||||||&#8221; text_font_size=&#8221;30px&#8221; text_font_tablet=&#8221;Clicker Script||||||||&#8221; text_font_phone=&#8221;Clicker Script||||||||&#8221; text_font_last_edited=&#8221;on|desktop&#8221; global_colors_info=&#8221;{}&#8221;]<\/p>\n<div style=\"text-align: left;\"><span>Aleksandra Wentowska<\/span><\/div>\n<p>[\/et_pb_text][\/et_pb_column][\/et_pb_row][\/et_pb_section]<\/p>\n","protected":false},"excerpt":{"rendered":"<p>Za\u0142o\u017cycielka Nola StudioNola pracownia projektowa, to pracownia z pasj\u0105 &#8211; stworzona z zami\u0142owania do pi\u0119knych wn\u0119trz oraz designu. G\u0142\u00f3wnym obszarem dzia\u0142alno\u015bci pracowni jest projektowanie oraz aran\u017cacja wn\u0119trz zar\u00f3wno dla indywidualnych inwestor\u00f3w, jak i dla firm. Tworzymy projekty efektowne oraz funkcjonalne. Nasze aran\u017cacje s\u0105 dostosowane do indywidualnych potrzeb klienta, w oparciu o dany bud\u017cet oraz preferencje [&hellip;]<\/p>\n","protected":false},"author":1,"featured_media":0,"parent":0,"menu_order":0,"comment_status":"closed","ping_status":"closed","template":"","meta":{"_et_pb_use_builder":"on","_et_pb_old_content":"","_et_gb_content_width":""},"yoast_head":"<!-- This site is optimized with the Yoast SEO plugin v19.10 - https:\/\/yoast.com\/wordpress\/plugins\/seo\/ -->\n<title>O NAS - Nola Studio<\/title>\n<meta name=\"robots\" content=\"index, follow, max-snippet:-1, max-image-preview:large, max-video-preview:-1\" \/>\n<link rel=\"canonical\" href=\"https:\/\/www.nolastudio.pl\/?page_id=29\" \/>\n<meta property=\"og:locale\" content=\"pl_PL\" \/>\n<meta property=\"og:type\" content=\"article\" \/>\n<meta property=\"og:title\" content=\"O NAS - Nola Studio\" \/>\n<meta property=\"og:description\" content=\"Za\u0142o\u017cycielka Nola StudioNola pracownia projektowa, to pracownia z pasj\u0105 - stworzona z zami\u0142owania do pi\u0119knych wn\u0119trz oraz designu. G\u0142\u00f3wnym obszarem dzia\u0142alno\u015bci pracowni jest projektowanie oraz aran\u017cacja wn\u0119trz zar\u00f3wno dla indywidualnych inwestor\u00f3w, jak i dla firm. Tworzymy projekty efektowne oraz funkcjonalne. Nasze aran\u017cacje s\u0105 dostosowane do indywidualnych potrzeb klienta, w oparciu o dany bud\u017cet oraz preferencje [&hellip;]\" \/>\n<meta property=\"og:url\" content=\"https:\/\/www.nolastudio.pl\/?page_id=29\" \/>\n<meta property=\"og:site_name\" content=\"Nola Studio\" \/>\n<meta property=\"article:modified_time\" content=\"2022-11-13T17:01:29+00:00\" \/>\n<meta name=\"twitter:card\" content=\"summary_large_image\" \/>\n<meta name=\"twitter:label1\" content=\"Szacowany czas czytania\" \/>\n\t<meta name=\"twitter:data1\" content=\"2 minuty\" \/>\n<script type=\"application\/ld+json\" class=\"yoast-schema-graph\">{\"@context\":\"https:\/\/schema.org\",\"@graph\":[{\"@type\":\"WebPage\",\"@id\":\"https:\/\/www.nolastudio.pl\/?page_id=29\",\"url\":\"https:\/\/www.nolastudio.pl\/?page_id=29\",\"name\":\"O NAS - Nola Studio\",\"isPartOf\":{\"@id\":\"https:\/\/www.nolastudio.pl\/#website\"},\"datePublished\":\"2022-11-11T14:44:51+00:00\",\"dateModified\":\"2022-11-13T17:01:29+00:00\",\"breadcrumb\":{\"@id\":\"https:\/\/www.nolastudio.pl\/?page_id=29#breadcrumb\"},\"inLanguage\":\"pl-PL\",\"potentialAction\":[{\"@type\":\"ReadAction\",\"target\":[\"https:\/\/www.nolastudio.pl\/?page_id=29\"]}]},{\"@type\":\"BreadcrumbList\",\"@id\":\"https:\/\/www.nolastudio.pl\/?page_id=29#breadcrumb\",\"itemListElement\":[{\"@type\":\"ListItem\",\"position\":1,\"name\":\"Strona g\u0142\u00f3wna\",\"item\":\"https:\/\/www.nolastudio.pl\/\"},{\"@type\":\"ListItem\",\"position\":2,\"name\":\"O NAS\"}]},{\"@type\":\"WebSite\",\"@id\":\"https:\/\/www.nolastudio.pl\/#website\",\"url\":\"https:\/\/www.nolastudio.pl\/\",\"name\":\"Nola Studio\",\"description\":\"Nola Studio\",\"publisher\":{\"@id\":\"https:\/\/www.nolastudio.pl\/#organization\"},\"potentialAction\":[{\"@type\":\"SearchAction\",\"target\":{\"@type\":\"EntryPoint\",\"urlTemplate\":\"https:\/\/www.nolastudio.pl\/?s={search_term_string}\"},\"query-input\":\"required name=search_term_string\"}],\"inLanguage\":\"pl-PL\"},{\"@type\":\"Organization\",\"@id\":\"https:\/\/www.nolastudio.pl\/#organization\",\"name\":\"Nola Studio\",\"url\":\"https:\/\/www.nolastudio.pl\/\",\"logo\":{\"@type\":\"ImageObject\",\"inLanguage\":\"pl-PL\",\"@id\":\"https:\/\/www.nolastudio.pl\/#\/schema\/logo\/image\/\",\"url\":\"https:\/\/www.nolastudio.pl\/wp-content\/uploads\/2022\/11\/NOLA-STUDIO_logo_ciemny-bez-1.png\",\"contentUrl\":\"https:\/\/www.nolastudio.pl\/wp-content\/uploads\/2022\/11\/NOLA-STUDIO_logo_ciemny-bez-1.png\",\"width\":3141,\"height\":1351,\"caption\":\"Nola Studio\"},\"image\":{\"@id\":\"https:\/\/www.nolastudio.pl\/#\/schema\/logo\/image\/\"}}]}<\/script>\n<!-- \/ Yoast SEO plugin. -->","yoast_head_json":{"title":"O NAS - Nola Studio","robots":{"index":"index","follow":"follow","max-snippet":"max-snippet:-1","max-image-preview":"max-image-preview:large","max-video-preview":"max-video-preview:-1"},"canonical":"https:\/\/www.nolastudio.pl\/?page_id=29","og_locale":"pl_PL","og_type":"article","og_title":"O NAS - Nola Studio","og_description":"Za\u0142o\u017cycielka Nola StudioNola pracownia projektowa, to pracownia z pasj\u0105 - stworzona z zami\u0142owania do pi\u0119knych wn\u0119trz oraz designu. G\u0142\u00f3wnym obszarem dzia\u0142alno\u015bci pracowni jest projektowanie oraz aran\u017cacja wn\u0119trz zar\u00f3wno dla indywidualnych inwestor\u00f3w, jak i dla firm. Tworzymy projekty efektowne oraz funkcjonalne. Nasze aran\u017cacje s\u0105 dostosowane do indywidualnych potrzeb klienta, w oparciu o dany bud\u017cet oraz preferencje [&hellip;]","og_url":"https:\/\/www.nolastudio.pl\/?page_id=29","og_site_name":"Nola Studio","article_modified_time":"2022-11-13T17:01:29+00:00","twitter_card":"summary_large_image","twitter_misc":{"Szacowany czas czytania":"2 minuty"},"schema":{"@context":"https:\/\/schema.org","@graph":[{"@type":"WebPage","@id":"https:\/\/www.nolastudio.pl\/?page_id=29","url":"https:\/\/www.nolastudio.pl\/?page_id=29","name":"O NAS - Nola Studio","isPartOf":{"@id":"https:\/\/www.nolastudio.pl\/#website"},"datePublished":"2022-11-11T14:44:51+00:00","dateModified":"2022-11-13T17:01:29+00:00","breadcrumb":{"@id":"https:\/\/www.nolastudio.pl\/?page_id=29#breadcrumb"},"inLanguage":"pl-PL","potentialAction":[{"@type":"ReadAction","target":["https:\/\/www.nolastudio.pl\/?page_id=29"]}]},{"@type":"BreadcrumbList","@id":"https:\/\/www.nolastudio.pl\/?page_id=29#breadcrumb","itemListElement":[{"@type":"ListItem","position":1,"name":"Strona g\u0142\u00f3wna","item":"https:\/\/www.nolastudio.pl\/"},{"@type":"ListItem","position":2,"name":"O NAS"}]},{"@type":"WebSite","@id":"https:\/\/www.nolastudio.pl\/#website","url":"https:\/\/www.nolastudio.pl\/","name":"Nola Studio","description":"Nola Studio","publisher":{"@id":"https:\/\/www.nolastudio.pl\/#organization"},"potentialAction":[{"@type":"SearchAction","target":{"@type":"EntryPoint","urlTemplate":"https:\/\/www.nolastudio.pl\/?s={search_term_string}"},"query-input":"required name=search_term_string"}],"inLanguage":"pl-PL"},{"@type":"Organization","@id":"https:\/\/www.nolastudio.pl\/#organization","name":"Nola Studio","url":"https:\/\/www.nolastudio.pl\/","logo":{"@type":"ImageObject","inLanguage":"pl-PL","@id":"https:\/\/www.nolastudio.pl\/#\/schema\/logo\/image\/","url":"https:\/\/www.nolastudio.pl\/wp-content\/uploads\/2022\/11\/NOLA-STUDIO_logo_ciemny-bez-1.png","contentUrl":"https:\/\/www.nolastudio.pl\/wp-content\/uploads\/2022\/11\/NOLA-STUDIO_logo_ciemny-bez-1.png","width":3141,"height":1351,"caption":"Nola Studio"},"image":{"@id":"https:\/\/www.nolastudio.pl\/#\/schema\/logo\/image\/"}}]}},"_links":{"self":[{"href":"https:\/\/www.nolastudio.pl\/index.php?rest_route=\/wp\/v2\/pages\/29"}],"collection":[{"href":"https:\/\/www.nolastudio.pl\/index.php?rest_route=\/wp\/v2\/pages"}],"about":[{"href":"https:\/\/www.nolastudio.pl\/index.php?rest_route=\/wp\/v2\/types\/page"}],"author":[{"embeddable":true,"href":"https:\/\/www.nolastudio.pl\/index.php?rest_route=\/wp\/v2\/users\/1"}],"replies":[{"embeddable":true,"href":"https:\/\/www.nolastudio.pl\/index.php?rest_route=%2Fwp%2Fv2%2Fcomments&post=29"}],"version-history":[{"count":18,"href":"https:\/\/www.nolastudio.pl\/index.php?rest_route=\/wp\/v2\/pages\/29\/revisions"}],"predecessor-version":[{"id":235032,"href":"https:\/\/www.nolastudio.pl\/index.php?rest_route=\/wp\/v2\/pages\/29\/revisions\/235032"}],"wp:attachment":[{"href":"https:\/\/www.nolastudio.pl\/index.php?rest_route=%2Fwp%2Fv2%2Fmedia&parent=29"}],"curies":[{"name":"wp","href":"https:\/\/api.w.org\/{rel}","templated":true}]}}